{"id":32,"date":"2024-07-10T14:45:42","date_gmt":"2024-07-10T12:45:42","guid":{"rendered":"https:\/\/karesz-epito.hu\/?page_id=32"},"modified":"2024-07-10T14:51:48","modified_gmt":"2024-07-10T12:51:48","slug":"kapcsolat-elerhetosegek","status":"publish","type":"page","link":"https:\/\/karesz-epito.hu\/?page_id=32","title":{"rendered":"Kapcsolat, el\u00e9rhet\u0151s\u00e9gek"},"content":{"rendered":"\n<p>L\u00e9pjen kapcsolatba vel\u00fcnk bizalommal az al\u00e1bbi el\u00e9rhet\u0151s\u00e9geken, \u00e9s k\u00e9rjen szem\u00e9lyre szabott \u00e1raj\u00e1nlatot!<\/p>\n\n\n\n<hr class=\"wp-block-separator has-alpha-channel-opacity\"\/>\n\n\n\n<h2 class=\"wp-block-heading\"><strong>Csik\u00f3s K\u00e1roly egy\u00e9ni v\u00e1llalkoz\u00f3<\/strong><\/h2>\n\n\n\n<p>Telefonsz\u00e1m: 70-433-2027<br>Email: karcsi640@gmail.com<\/p>\n\n\n\n<p>Ad\u00f3sz\u00e1m: 59785060-2-30<\/p>\n\n\n\n<hr class=\"wp-block-separator has-alpha-channel-opacity\"\/>\n","protected":false},"excerpt":{"rendered":"<p>L\u00e9pjen kapcsolatba vel\u00fcnk bizalommal az al\u00e1bbi el\u00e9rhet\u0151s\u00e9geken, \u00e9s k\u00e9rjen szem\u00e9lyre szabott \u00e1raj\u00e1nlatot! Csik\u00f3s K\u00e1roly egy\u00e9ni v\u00e1llalkoz\u00f3 Telefonsz\u00e1m: 70-433-2027Email: karcsi640@gmail.com Ad\u00f3sz\u00e1m: 59785060-2-30<\/p>\n","protected":false},"author":1,"featured_media":0,"parent":0,"menu_order":0,"comment_status":"closed","ping_status":"closed","template":"","meta":{"footnotes":""},"class_list":["post-32","page","type-page","status-publish","hentry"],"_links":{"self":[{"href":"https:\/\/karesz-epito.hu\/index.php?rest_route=\/wp\/v2\/pages\/32","targetHints":{"allow":["GET"]}}],"collection":[{"href":"https:\/\/karesz-epito.hu\/index.php?rest_route=\/wp\/v2\/pages"}],"about":[{"href":"https:\/\/karesz-epito.hu\/index.php?rest_route=\/wp\/v2\/types\/page"}],"author":[{"embeddable":true,"href":"https:\/\/karesz-epito.hu\/index.php?rest_route=\/wp\/v2\/users\/1"}],"replies":[{"embeddable":true,"href":"https:\/\/karesz-epito.hu\/index.php?rest_route=%2Fwp%2Fv2%2Fcomments&post=32"}],"version-history":[{"count":2,"href":"https:\/\/karesz-epito.hu\/index.php?rest_route=\/wp\/v2\/pages\/32\/revisions"}],"predecessor-version":[{"id":39,"href":"https:\/\/karesz-epito.hu\/index.php?rest_route=\/wp\/v2\/pages\/32\/revisions\/39"}],"wp:attachment":[{"href":"https:\/\/karesz-epito.hu\/index.php?rest_route=%2Fwp%2Fv2%2Fmedia&parent=32"}],"curies":[{"name":"wp","href":"https:\/\/api.w.org\/{rel}","templated":true}]}}